{"id":8403,"date":"2023-04-29T17:43:02","date_gmt":"2023-04-29T15:43:02","guid":{"rendered":"https:\/\/school4life.org\/?page_id=8403"},"modified":"2023-07-12T17:13:52","modified_gmt":"2023-07-12T15:13:52","slug":"privacy-information","status":"publish","type":"page","link":"https:\/\/school4life.org\/de\/privacy-information\/","title":{"rendered":"Datenschutz-Informationen"},"content":{"rendered":"<div data-elementor-type=\"wp-page\" data-elementor-id=\"8403\" class=\"elementor elementor-8403\" data-elementor-post-type=\"page\">\n\t\t\t\t\t\t<section class=\"elementor-section elementor-top-section elementor-element elementor-element-38eca1ad elementor-section-height-min-height elementor-section-content-middle elementor-section-boxed elementor-section-height-default elementor-section-items-middle\" data-id=\"38eca1ad\" data-element_type=\"section\" data-settings=\"{&quot;background_background&quot;:&quot;classic&quot;,&quot;shape_divider_bottom&quot;:&quot;wave-brush&quot;}\">\n\t\t\t\t\t\t\t<div class=\"elementor-background-overlay\"><\/div>\n\t\t\t\t\t\t<div class=\"elementor-shape elementor-shape-bottom\" data-negative=\"false\">\n\t\t\t<svg xmlns=\"http:\/\/www.w3.org\/2000\/svg\" viewbox=\"0 0 283.5 27.8\" preserveaspectratio=\"none\">\n\t<path class=\"elementor-shape-fill\" d=\"M283.5,9.7c0,0-7.3,4.3-14,4.6c-6.8,0.3-12.6,0-20.9-1.5c-11.3-2-33.1-10.1-44.7-5.7\ts-12.1,4.6-18,7.4c-6.6,3.2-20,9.6-36.6,9.3C131.6,23.5,99.5,7.2,86.3,8c-1.4,0.1-6.6,0.8-10.5,2c-3.8,1.2-9.4,3.8-17,4.7\tc-3.2,0.4-8.3,1.1-14.2,0.9c-1.5-0.1-6.3-0.4-12-1.6c-5.7-1.2-11-3.1-15.8-3.7C6.5,9.2,0,10.8,0,10.8V0h283.5V9.7z M260.8,11.3\tc-0.7-1-2-0.4-4.3-0.4c-2.3,0-6.1-1.2-5.8-1.1c0.3,0.1,3.1,1.5,6,1.9C259.7,12.2,261.4,12.3,260.8,11.3z M242.4,8.6\tc0,0-2.4-0.2-5.6-0.9c-3.2-0.8-10.3-2.8-15.1-3.5c-8.2-1.1-15.8,0-15.1,0.1c0.8,0.1,9.6-0.6,17.6,1.1c3.3,0.7,9.3,2.2,12.4,2.7\tC239.9,8.7,242.4,8.6,242.4,8.6z M185.2,8.5c1.7-0.7-13.3,4.7-18.5,6.1c-2.1,0.6-6.2,1.6-10,2c-3.9,0.4-8.9,0.4-8.8,0.5\tc0,0.2,5.8,0.8,11.2,0c5.4-0.8,5.2-1.1,7.6-1.6C170.5,14.7,183.5,9.2,185.2,8.5z M199.1,6.9c0.2,0-0.8-0.4-4.8,1.1\tc-4,1.5-6.7,3.5-6.9,3.7c-0.2,0.1,3.5-1.8,6.6-3C197,7.5,199,6.9,199.1,6.9z M283,6c-0.1,0.1-1.9,1.1-4.8,2.5s-6.9,2.8-6.7,2.7\tc0.2,0,3.5-0.6,7.4-2.5C282.8,6.8,283.1,5.9,283,6z M31.3,11.6c0.1-0.2-1.9-0.2-4.5-1.2s-5.4-1.6-7.8-2C15,7.6,7.3,8.5,7.7,8.6\tC8,8.7,15.9,8.3,20.2,9.3c2.2,0.5,2.4,0.5,5.7,1.6S31.2,11.9,31.3,11.6z M73,9.2c0.4-0.1,3.5-1.6,8.4-2.6c4.9-1.1,8.9-0.5,8.9-0.8\tc0-0.3-1-0.9-6.2-0.3S72.6,9.3,73,9.2z M71.6,6.7C71.8,6.8,75,5.4,77.3,5c2.3-0.3,1.9-0.5,1.9-0.6c0-0.1-1.1-0.2-2.7,0.2\tC74.8,5.1,71.4,6.6,71.6,6.7z M93.6,4.4c0.1,0.2,3.5,0.8,5.6,1.8c2.1,1,1.8,0.6,1.9,0.5c0.1-0.1-0.8-0.8-2.4-1.3\tC97.1,4.8,93.5,4.2,93.6,4.4z M65.4,11.1c-0.1,0.3,0.3,0.5,1.9-0.2s2.6-1.3,2.2-1.2s-0.9,0.4-2.5,0.8C65.3,10.9,65.5,10.8,65.4,11.1\tz M34.5,12.4c-0.2,0,2.1,0.8,3.3,0.9c1.2,0.1,2,0.1,2-0.2c0-0.3-0.1-0.5-1.6-0.4C36.6,12.8,34.7,12.4,34.5,12.4z M152.2,21.1\tc-0.1,0.1-2.4-0.3-7.5-0.3c-5,0-13.6-2.4-17.2-3.5c-3.6-1.1,10,3.9,16.5,4.1C150.5,21.6,152.3,21,152.2,21.1z\"\/>\n\t<path class=\"elementor-shape-fill\" d=\"M269.6,18c-0.1-0.1-4.6,0.3-7.2,0c-7.3-0.7-17-3.2-16.6-2.9c0.4,0.3,13.7,3.1,17,3.3\tC267.7,18.8,269.7,18,269.6,18z\"\/>\n\t<path class=\"elementor-shape-fill\" d=\"M227.4,9.8c-0.2-0.1-4.5-1-9.5-1.2c-5-0.2-12.7,0.6-12.3,0.5c0.3-0.1,5.9-1.8,13.3-1.2\tS227.6,9.9,227.4,9.8z\"\/>\n\t<path class=\"elementor-shape-fill\" d=\"M204.5,13.4c-0.1-0.1,2-1,3.2-1.1c1.2-0.1,2,0,2,0.3c0,0.3-0.1,0.5-1.6,0.4\tC206.4,12.9,204.6,13.5,204.5,13.4z\"\/>\n\t<path class=\"elementor-shape-fill\" d=\"M201,10.6c0-0.1-4.4,1.2-6.3,2.2c-1.9,0.9-6.2,3.1-6.1,3.1c0.1,0.1,4.2-1.6,6.3-2.6\tS201,10.7,201,10.6z\"\/>\n\t<path class=\"elementor-shape-fill\" d=\"M154.5,26.7c-0.1-0.1-4.6,0.3-7.2,0c-7.3-0.7-17-3.2-16.6-2.9c0.4,0.3,13.7,3.1,17,3.3\tC152.6,27.5,154.6,26.8,154.5,26.7z\"\/>\n\t<path class=\"elementor-shape-fill\" d=\"M41.9,19.3c0,0,1.2-0.3,2.9-0.1c1.7,0.2,5.8,0.9,8.2,0.7c4.2-0.4,7.4-2.7,7-2.6\tc-0.4,0-4.3,2.2-8.6,1.9c-1.8-0.1-5.1-0.5-6.7-0.4S41.9,19.3,41.9,19.3z\"\/>\n\t<path class=\"elementor-shape-fill\" d=\"M75.5,12.6c0.2,0.1,2-0.8,4.3-1.1c2.3-0.2,2.1-0.3,2.1-0.5c0-0.1-1.8-0.4-3.4,0\tC76.9,11.5,75.3,12.5,75.5,12.6z\"\/>\n\t<path class=\"elementor-shape-fill\" d=\"M15.6,13.2c0-0.1,4.3,0,6.7,0.5c2.4,0.5,5,1.9,5,2c0,0.1-2.7-0.8-5.1-1.4\tC19.9,13.7,15.7,13.3,15.6,13.2z\"\/>\n<\/svg>\t\t<\/div>\n\t\t\t\t\t<div class=\"elementor-container elementor-column-gap-default\">\n\t\t\t\t\t<div class=\"elementor-column elementor-col-100 elementor-top-column elementor-element elementor-element-223a01d2\" data-id=\"223a01d2\" data-element_type=\"column\">\n\t\t\t<div class=\"elementor-widget-wrap elementor-element-populated\">\n\t\t\t\t\t\t<div class=\"elementor-element elementor-element-8c371a1 elementor-widget elementor-widget-heading\" data-id=\"8c371a1\" data-element_type=\"widget\" data-widget_type=\"heading.default\">\n\t\t\t\t<div class=\"elementor-widget-container\">\n\t\t\t\t\t<h2 class=\"elementor-heading-title elementor-size-xxl\">Datenschutz-Informationen<\/h2>\t\t\t\t<\/div>\n\t\t\t\t<\/div>\n\t\t\t\t\t<\/div>\n\t\t<\/div>\n\t\t\t\t\t<\/div>\n\t\t<\/section>\n\t\t\t\t<section class=\"elementor-section elementor-top-section elementor-element elementor-element-6db976a elementor-section-boxed elementor-section-height-default elementor-section-height-default\" data-id=\"6db976a\" data-element_type=\"section\">\n\t\t\t\t\t\t<div class=\"elementor-container elementor-column-gap-default\">\n\t\t\t\t\t<div class=\"elementor-column elementor-col-100 elementor-top-column elementor-element elementor-element-053a395\" data-id=\"053a395\" data-element_type=\"column\">\n\t\t\t<div class=\"elementor-widget-wrap elementor-element-populated\">\n\t\t\t\t\t\t<div class=\"elementor-element elementor-element-24637c8 elementor-widget elementor-widget-text-editor\" data-id=\"24637c8\" data-element_type=\"widget\" data-widget_type=\"text-editor.default\">\n\t\t\t\t<div class=\"elementor-widget-container\">\n\t\t\t\t\t\t\t\t\t<header class=\"entry-header\"><b>Datenschutzerkl\u00e4rung f\u00fcr nichtstaatliche Organisationen (NGOs) registriert in der Schweiz und Deutschland<\/b><p><span style=\"font-weight: 400;\">1. Processing of Personal Data<\/span><\/p><p><span style=\"font-weight: 400;\">Als Verantwortliche f\u00fcr Ihre Daten verarbeiten wir personenbezogene Daten, im Folgenden als \"Daten\" bezeichnet, soweit dies f\u00fcr die Bereitstellung einer funktionsf\u00e4higen und benutzerfreundlichen Website, einschlie\u00dflich ihrer Inhalte und der dort angebotenen Dienste, erforderlich ist. Die Verarbeitungst\u00e4tigkeiten umfassen verschiedene Operationen gem\u00e4\u00df Artikel 4 Nr. 1 der Verordnung (EU) 2016\/679, bekannt als Datenschutz-Grundverordnung (DSGVO). Diese Operationen umfassen das Sammeln, Aufzeichnen, Organisieren, Strukturieren, Speichern, Anpassen, \u00c4ndern, Abrufen, Konsultieren, Verwenden, \u00dcbermitteln durch Offenlegung, Verbreiten oder anderweitiges Zug\u00e4nglichmachen, Ausrichten, Kombinieren, Einschr\u00e4nken, L\u00f6schen oder Vernichten von personenbezogenen Daten, ob automatisiert oder nicht.<\/span><\/p><p><span style=\"font-weight: 400;\">Diese Datenschutzerkl\u00e4rung hat zum Ziel, Sie \u00fcber Art, Umfang, Zweck, Dauer und Rechtsgrundlage der Verarbeitung personenbezogener Daten zu informieren, die entweder unter unserer Kontrolle oder in Verbindung mit anderen erfolgt. Dar\u00fcber hinaus geben wir Informationen \u00fcber Drittanbieter-Komponenten, die zur Optimierung unserer Website und Verbesserung des Nutzererlebnisses verwendet werden, wobei diese Dritten die von ihnen erhobenen und kontrollierten Daten verarbeiten k\u00f6nnen.<\/span><\/p><p><span style=\"font-weight: 400;\">2. Information about the Controllers<\/span><\/p><p><span style=\"font-weight: 400;\">Die verantwortliche Stelle f\u00fcr diese Website, die als Verantwortlicher im Sinne des Datenschutzrechts fungiert, ist wie folgt:<\/span><\/p><p><span style=\"font-weight: 400;\">NGO: School4Life<\/span><\/p><p><span style=\"font-weight: 400;\">Vertreter: Agnes Ellis<\/span><\/p><p><span style=\"font-weight: 400;\">Adresse: Furtbachweg 59, CH-8304 Wallisellen<\/span><\/p><p><span style=\"font-weight: 400;\">Email: info@school4life.org<\/span><\/p><p><span style=\"font-weight: 400;\">Der Zugriff auf Ihre Daten ist auf die Mitglieder des Vorstands und des Kernteams beschr\u00e4nkt, wie in der Rubrik \"Unser Team\" auf dieser Website aufgef\u00fchrt.<\/span><\/p><p><span style=\"font-weight: 400;\">3. Rights of Users and Data Subjects<\/span><\/p><p><span style=\"font-weight: 400;\">Nutzer und Betroffene haben bez\u00fcglich der unten detailliert beschriebenen Datenverarbeitung folgende Rechte:<\/span><\/p><ul><li style=\"font-weight: 400;\" aria-level=\"1\"><span style=\"font-weight: 400;\">Recht auf Best\u00e4tigung: Nutzer haben das Recht, eine Best\u00e4tigung dar\u00fcber zu erhalten, ob ihre personenbezogenen Daten verarbeitet werden, sowie Informationen \u00fcber die Daten, deren Art und Kopien der Daten (siehe auch Artikel 15 DSGVO).<\/span><\/li><li style=\"font-weight: 400;\" aria-level=\"1\"><span style=\"font-weight: 400;\">Recht auf Berichtigung: Nutzer haben das Recht, unrichtige oder unvollst\u00e4ndige personenbezogene Daten berichtigen oder vervollst\u00e4ndigen zu lassen (siehe auch Artikel 16 DSGVO).<\/span><\/li><li style=\"font-weight: 400;\" aria-level=\"1\"><span style=\"font-weight: 400;\">Recht auf L\u00f6schung: Nutzer haben das Recht, die unverz\u00fcgliche L\u00f6schung ihrer personenbezogenen Daten zu verlangen (siehe auch Artikel 17 DSGVO). Alternativ k\u00f6nnen Nutzer, falls eine weitere Verarbeitung gem\u00e4\u00df Artikel 17 Absatz 3 DSGVO erforderlich ist, eine Einschr\u00e4nkung der Verarbeitung verlangen (siehe auch Artikel 18 DSGVO).<\/span><\/li><li style=\"font-weight: 400;\" aria-level=\"1\"><span style=\"font-weight: 400;\">Recht auf Daten\u00fcbertragbarkeit: Nutzer haben das Recht, Kopien ihrer personenbezogenen Daten, die sie bereitgestellt haben, in einem strukturierten, g\u00e4ngigen und maschinenlesbaren Format zu erhalten und diese Daten an andere Anbieter\/Verantwortliche zu \u00fcbermitteln (siehe auch Artikel 20 DSGVO).<\/span><\/li><li style=\"font-weight: 400;\" aria-level=\"1\"><span style=\"font-weight: 400;\">Recht auf Beschwerde: Nutzer haben das Recht, bei der Aufsichtsbeh\u00f6rde (Datenschutzstelle Zug, Seestrasse 2, Regierungsgeb\u00e4ude am Postplatz, Postfach, 6301 Zug) eine Beschwerde einzureichen, wenn sie der Ansicht sind, dass die Verarbeitung ihrer personenbezogenen Daten durch den Verantwortlichen gegen datenschutzrechtliche Bestimmungen verst\u00f6\u00dft (siehe auch Artikel 77 DSGVO).<\/span><\/li><\/ul><p><span style=\"font-weight: 400;\">Dar\u00fcber hinaus ist der Verantwortliche gem\u00e4\u00df Artikel 16, 17 Absatz 1 und 18 DSGVO verpflichtet, alle Empf\u00e4nger, denen personenbezogene Daten offengelegt wurden, \u00fcber etwaige Berichtigungen, L\u00f6schungen oder Einschr\u00e4nkungen der Verarbeitung zu informieren. Diese Verpflichtung gilt jedoch nicht, wenn eine solche Benachrichtigung unm\u00f6glich ist oder einen unverh\u00e4ltnism\u00e4\u00dfigen Aufwand erfordert. Dennoch haben Nutzer das Recht, Informationen \u00fcber diese Empf\u00e4nger zu erhalten.<\/span><\/p><p><span style=\"font-weight: 400;\">Ebenso haben Nutzer und Betroffene gem\u00e4\u00df Artikel 21 DSGVO das Recht, der k\u00fcnftigen Verarbeitung ihrer personenbezogenen Daten durch den Verantwortlichen gem\u00e4\u00df Artikel 6 Absatz 1 Buchstabe f DSGVO zu widersprechen. Insbesondere k\u00f6nnen Nutzer Widerspruch gegen die Verarbeitung ihrer Daten zu Zwecken der Direktwerbung einlegen.<\/span><\/p><p><span style=\"font-weight: 400;\">Nutzer, die unseren E-Mail-Newsletter erhalten, haben ihre E-Mail-Adresse ausschlie\u00dflich f\u00fcr diesen Zweck angegeben. Wenn ein Nutzer den Wunsch hat, den Newsletter nicht mehr zu erhalten, muss er School4Life schriftlich per E-Mail an info@school4life.org dar\u00fcber informieren.<\/span><\/p><p><span style=\"font-weight: 400;\">4. Information about Data Processing<\/span><\/p><p><span style=\"font-weight: 400;\">Die bei der Nutzung unserer Website verarbeiteten Daten werden gel\u00f6scht oder gesperrt, sobald ihr Speicherungszweck nicht mehr besteht, es sei denn, die L\u00f6schung verst\u00f6\u00dft gegen gesetzliche Aufbewahrungspflichten oder es sind anderweitige Angaben dazu vorhanden.<\/span><\/p><\/header>\t\t\t\t\t\t\t\t<\/div>\n\t\t\t\t<\/div>\n\t\t\t\t\t<\/div>\n\t\t<\/div>\n\t\t\t\t\t<\/div>\n\t\t<\/section>\n\t\t\t\t<section class=\"elementor-section elementor-top-section elementor-element elementor-element-1c118aa5 elementor-section-content-middle animated-slow elementor-section-boxed elementor-section-height-default elementor-section-height-default elementor-invisible\" data-id=\"1c118aa5\" data-element_type=\"section\" data-settings=\"{&quot;background_background&quot;:&quot;classic&quot;,&quot;shape_divider_top&quot;:&quot;wave-brush&quot;,&quot;animation&quot;:&quot;fadeInUp&quot;,&quot;animation_delay&quot;:200}\">\n\t\t\t\t\t<div class=\"elementor-shape elementor-shape-top\" data-negative=\"false\">\n\t\t\t<svg xmlns=\"http:\/\/www.w3.org\/2000\/svg\" viewbox=\"0 0 283.5 27.8\" preserveaspectratio=\"none\">\n\t<path class=\"elementor-shape-fill\" d=\"M283.5,9.7c0,0-7.3,4.3-14,4.6c-6.8,0.3-12.6,0-20.9-1.5c-11.3-2-33.1-10.1-44.7-5.7\ts-12.1,4.6-18,7.4c-6.6,3.2-20,9.6-36.6,9.3C131.6,23.5,99.5,7.2,86.3,8c-1.4,0.1-6.6,0.8-10.5,2c-3.8,1.2-9.4,3.8-17,4.7\tc-3.2,0.4-8.3,1.1-14.2,0.9c-1.5-0.1-6.3-0.4-12-1.6c-5.7-1.2-11-3.1-15.8-3.7C6.5,9.2,0,10.8,0,10.8V0h283.5V9.7z M260.8,11.3\tc-0.7-1-2-0.4-4.3-0.4c-2.3,0-6.1-1.2-5.8-1.1c0.3,0.1,3.1,1.5,6,1.9C259.7,12.2,261.4,12.3,260.8,11.3z M242.4,8.6\tc0,0-2.4-0.2-5.6-0.9c-3.2-0.8-10.3-2.8-15.1-3.5c-8.2-1.1-15.8,0-15.1,0.1c0.8,0.1,9.6-0.6,17.6,1.1c3.3,0.7,9.3,2.2,12.4,2.7\tC239.9,8.7,242.4,8.6,242.4,8.6z M185.2,8.5c1.7-0.7-13.3,4.7-18.5,6.1c-2.1,0.6-6.2,1.6-10,2c-3.9,0.4-8.9,0.4-8.8,0.5\tc0,0.2,5.8,0.8,11.2,0c5.4-0.8,5.2-1.1,7.6-1.6C170.5,14.7,183.5,9.2,185.2,8.5z M199.1,6.9c0.2,0-0.8-0.4-4.8,1.1\tc-4,1.5-6.7,3.5-6.9,3.7c-0.2,0.1,3.5-1.8,6.6-3C197,7.5,199,6.9,199.1,6.9z M283,6c-0.1,0.1-1.9,1.1-4.8,2.5s-6.9,2.8-6.7,2.7\tc0.2,0,3.5-0.6,7.4-2.5C282.8,6.8,283.1,5.9,283,6z M31.3,11.6c0.1-0.2-1.9-0.2-4.5-1.2s-5.4-1.6-7.8-2C15,7.6,7.3,8.5,7.7,8.6\tC8,8.7,15.9,8.3,20.2,9.3c2.2,0.5,2.4,0.5,5.7,1.6S31.2,11.9,31.3,11.6z M73,9.2c0.4-0.1,3.5-1.6,8.4-2.6c4.9-1.1,8.9-0.5,8.9-0.8\tc0-0.3-1-0.9-6.2-0.3S72.6,9.3,73,9.2z M71.6,6.7C71.8,6.8,75,5.4,77.3,5c2.3-0.3,1.9-0.5,1.9-0.6c0-0.1-1.1-0.2-2.7,0.2\tC74.8,5.1,71.4,6.6,71.6,6.7z M93.6,4.4c0.1,0.2,3.5,0.8,5.6,1.8c2.1,1,1.8,0.6,1.9,0.5c0.1-0.1-0.8-0.8-2.4-1.3\tC97.1,4.8,93.5,4.2,93.6,4.4z M65.4,11.1c-0.1,0.3,0.3,0.5,1.9-0.2s2.6-1.3,2.2-1.2s-0.9,0.4-2.5,0.8C65.3,10.9,65.5,10.8,65.4,11.1\tz M34.5,12.4c-0.2,0,2.1,0.8,3.3,0.9c1.2,0.1,2,0.1,2-0.2c0-0.3-0.1-0.5-1.6-0.4C36.6,12.8,34.7,12.4,34.5,12.4z M152.2,21.1\tc-0.1,0.1-2.4-0.3-7.5-0.3c-5,0-13.6-2.4-17.2-3.5c-3.6-1.1,10,3.9,16.5,4.1C150.5,21.6,152.3,21,152.2,21.1z\"\/>\n\t<path class=\"elementor-shape-fill\" d=\"M269.6,18c-0.1-0.1-4.6,0.3-7.2,0c-7.3-0.7-17-3.2-16.6-2.9c0.4,0.3,13.7,3.1,17,3.3\tC267.7,18.8,269.7,18,269.6,18z\"\/>\n\t<path class=\"elementor-shape-fill\" d=\"M227.4,9.8c-0.2-0.1-4.5-1-9.5-1.2c-5-0.2-12.7,0.6-12.3,0.5c0.3-0.1,5.9-1.8,13.3-1.2\tS227.6,9.9,227.4,9.8z\"\/>\n\t<path class=\"elementor-shape-fill\" d=\"M204.5,13.4c-0.1-0.1,2-1,3.2-1.1c1.2-0.1,2,0,2,0.3c0,0.3-0.1,0.5-1.6,0.4\tC206.4,12.9,204.6,13.5,204.5,13.4z\"\/>\n\t<path class=\"elementor-shape-fill\" d=\"M201,10.6c0-0.1-4.4,1.2-6.3,2.2c-1.9,0.9-6.2,3.1-6.1,3.1c0.1,0.1,4.2-1.6,6.3-2.6\tS201,10.7,201,10.6z\"\/>\n\t<path class=\"elementor-shape-fill\" d=\"M154.5,26.7c-0.1-0.1-4.6,0.3-7.2,0c-7.3-0.7-17-3.2-16.6-2.9c0.4,0.3,13.7,3.1,17,3.3\tC152.6,27.5,154.6,26.8,154.5,26.7z\"\/>\n\t<path class=\"elementor-shape-fill\" d=\"M41.9,19.3c0,0,1.2-0.3,2.9-0.1c1.7,0.2,5.8,0.9,8.2,0.7c4.2-0.4,7.4-2.7,7-2.6\tc-0.4,0-4.3,2.2-8.6,1.9c-1.8-0.1-5.1-0.5-6.7-0.4S41.9,19.3,41.9,19.3z\"\/>\n\t<path class=\"elementor-shape-fill\" d=\"M75.5,12.6c0.2,0.1,2-0.8,4.3-1.1c2.3-0.2,2.1-0.3,2.1-0.5c0-0.1-1.8-0.4-3.4,0\tC76.9,11.5,75.3,12.5,75.5,12.6z\"\/>\n\t<path class=\"elementor-shape-fill\" d=\"M15.6,13.2c0-0.1,4.3,0,6.7,0.5c2.4,0.5,5,1.9,5,2c0,0.1-2.7-0.8-5.1-1.4\tC19.9,13.7,15.7,13.3,15.6,13.2z\"\/>\n<\/svg>\t\t<\/div>\n\t\t\t\t\t<div class=\"elementor-container elementor-column-gap-no\">\n\t\t\t\t\t<div class=\"elementor-column elementor-col-100 elementor-top-column elementor-element elementor-element-78e5ff8f\" data-id=\"78e5ff8f\" data-element_type=\"column\">\n\t\t\t<div class=\"elementor-widget-wrap elementor-element-populated\">\n\t\t\t\t\t\t<div class=\"elementor-element elementor-element-e5fe8a elementor-widget elementor-widget-heading\" data-id=\"e5fe8a\" data-element_type=\"widget\" data-widget_type=\"heading.default\">\n\t\t\t\t<div class=\"elementor-widget-container\">\n\t\t\t\t\t<h2 class=\"elementor-heading-title elementor-size-default\">Helft uns, gemeinsam eine bessere Zukunft zu schaffen.<\/h2>\t\t\t\t<\/div>\n\t\t\t\t<\/div>\n\t\t\t\t<div class=\"elementor-element elementor-element-46aa1e62 elementor-align-justify elementor-widget__width-initial elementor-widget-mobile__width-initial elementor-widget elementor-widget-button\" data-id=\"46aa1e62\" data-element_type=\"widget\" data-widget_type=\"button.default\">\n\t\t\t\t<div class=\"elementor-widget-container\">\n\t\t\t\t\t\t\t\t\t<div class=\"elementor-button-wrapper\">\n\t\t\t\t\t<a class=\"elementor-button elementor-button-link elementor-size-sm elementor-animation-grow\" href=\"https:\/\/school4life.org\/de\/donate-now\/\">\n\t\t\t\t\t\t<span class=\"elementor-button-content-wrapper\">\n\t\t\t\t\t\t\t\t\t<span class=\"elementor-button-text\">Spenden<\/span>\n\t\t\t\t\t<\/span>\n\t\t\t\t\t<\/a>\n\t\t\t\t<\/div>\n\t\t\t\t\t\t\t\t<\/div>\n\t\t\t\t<\/div>\n\t\t\t\t<div class=\"elementor-element elementor-element-5e388c0f elementor-align-justify elementor-widget__width-initial elementor-widget-mobile__width-initial elementor-widget elementor-widget-button\" data-id=\"5e388c0f\" data-element_type=\"widget\" data-widget_type=\"button.default\">\n\t\t\t\t<div class=\"elementor-widget-container\">\n\t\t\t\t\t\t\t\t\t<div class=\"elementor-button-wrapper\">\n\t\t\t\t\t<a class=\"elementor-button elementor-button-link elementor-size-sm elementor-animation-grow\" href=\"#\">\n\t\t\t\t\t\t<span class=\"elementor-button-content-wrapper\">\n\t\t\t\t\t\t\t\t\t<span class=\"elementor-button-text\">Engagieren<\/span>\n\t\t\t\t\t<\/span>\n\t\t\t\t\t<\/a>\n\t\t\t\t<\/div>\n\t\t\t\t\t\t\t\t<\/div>\n\t\t\t\t<\/div>\n\t\t\t\t\t<\/div>\n\t\t<\/div>\n\t\t\t\t\t<\/div>\n\t\t<\/section>\n\t\t\t\t<\/div>","protected":false},"excerpt":{"rendered":"<p>Privacy Information Privacy Policy for Non-Governmental Organizations (NGO) registered in Switzerland and Germany 1. Processing of Personal Data We, as the controllers of your data, process personal data, hereinafter referred to as &#8220;data,&#8221; to the extent necessary for the provision of a functional and user-friendly website, including its contents and the services offered there. The [&hellip;]<\/p>","protected":false},"author":9,"featured_media":0,"parent":0,"menu_order":0,"comment_status":"closed","ping_status":"closed","template":"","meta":{"footnotes":""},"class_list":["post-8403","page","type-page","status-publish","hentry"],"_links":{"self":[{"href":"https:\/\/school4life.org\/de\/wp-json\/wp\/v2\/pages\/8403","targetHints":{"allow":["GET"]}}],"collection":[{"href":"https:\/\/school4life.org\/de\/wp-json\/wp\/v2\/pages"}],"about":[{"href":"https:\/\/school4life.org\/de\/wp-json\/wp\/v2\/types\/page"}],"author":[{"embeddable":true,"href":"https:\/\/school4life.org\/de\/wp-json\/wp\/v2\/users\/9"}],"replies":[{"embeddable":true,"href":"https:\/\/school4life.org\/de\/wp-json\/wp\/v2\/comments?post=8403"}],"version-history":[{"count":36,"href":"https:\/\/school4life.org\/de\/wp-json\/wp\/v2\/pages\/8403\/revisions"}],"predecessor-version":[{"id":18172,"href":"https:\/\/school4life.org\/de\/wp-json\/wp\/v2\/pages\/8403\/revisions\/18172"}],"wp:attachment":[{"href":"https:\/\/school4life.org\/de\/wp-json\/wp\/v2\/media?parent=8403"}],"curies":[{"name":"wp","href":"https:\/\/api.w.org\/{rel}","templated":true}]}}