{"id":18893,"date":"2023-10-07T22:11:08","date_gmt":"2023-10-07T20:11:08","guid":{"rendered":"https:\/\/school4life.org\/?post_type=product&#038;p=18893"},"modified":"2024-01-27T12:03:33","modified_gmt":"2024-01-27T11:03:33","slug":"advent-calendar-for-companies","status":"publish","type":"product","link":"https:\/\/school4life.org\/de\/produkt\/advent-calendar-for-companies\/","title":{"rendered":"Firmengeschenk - Der S4L-Adventskalender f\u00fcr Mitarbeiter, Kunden und\/oder Partner"},"content":{"rendered":"<p class=\"translation-block\">Sind Sie auf der Suche nach einem Weihnachtsgeschenk f\u00fcr Ihre Mitarbeiter, Kunden und\/oder Partner? Wir haben die L\u00f6sung f\u00fcr Sie. Schenken Sie dieses Jahr ein wirklich sinnvolles Geschenk: den School4Life-Adventskalender. Nutzen Sie die Chance, das Leben benachteiligter Kinder wirklich zu ver\u00e4ndern. Ab dem 1. Dezember k\u00f6nnen Sie Ihre Mitarbeiter jeden Tag mit einer \u00dcberraschung beschenken. M\u00f6glich wird dies durch Ihre herzliche Spende von 24 Euro, also nur 1 Euro pro Tag w\u00e4hrend der Weihnachtszeit.<\/p>\n<p>So funktioniert es:<\/p>\n<p>To gift a School4Life Advent Calendar to your employees, simply purchase one calendar for each recipient. During the checkout process, please provide the email addresses of the intended recipients within the text box. Once you&#8217;ve completed your purchase, we&#8217;ll take care of the rest!<\/p>\n<p>Ab dem 1. Dezember werden die Posteing\u00e4nge der von Ihnen ausgew\u00e4hlten Mitarbeiter\/Kunden\/Partner 24 Tage lang mit guten Taten begl\u00fcckt. Diese aufmerksame Geste wird Ihrem Unternehmen, Ihrer Organisation oder Ihrer Gruppe in der Weihnachtszeit Freude und Begeisterung bringen!<\/p>","protected":false},"excerpt":{"rendered":"<p>Are you looking for a meanigful Christmas gift this year for your employees? We have the solution for you. Consider giving a genuinely impactful gift this year: the School4Life Advent Calendar. Embrace the chance to create genuine, life-changing differences in the lives of underprivileged children. Starting December 1st, your employees will receive a daily surprise email with a good deed made possible by your heartfelt donation of 24 euros, which amounts to just 1 euro a day throughout the holiday season!<\/p>","protected":false},"featured_media":19971,"template":"","meta":[],"product_brand":[],"product_cat":[375],"product_tag":[],"class_list":{"0":"post-18893","1":"product","2":"type-product","3":"status-publish","4":"has-post-thumbnail","6":"product_cat-advent-calendar","8":"first","9":"instock","10":"virtual","11":"purchasable","12":"product-type-simple"},"_links":{"self":[{"href":"https:\/\/school4life.org\/de\/wp-json\/wp\/v2\/product\/18893","targetHints":{"allow":["GET"]}}],"collection":[{"href":"https:\/\/school4life.org\/de\/wp-json\/wp\/v2\/product"}],"about":[{"href":"https:\/\/school4life.org\/de\/wp-json\/wp\/v2\/types\/product"}],"wp:featuredmedia":[{"embeddable":true,"href":"https:\/\/school4life.org\/de\/wp-json\/wp\/v2\/media\/19971"}],"wp:attachment":[{"href":"https:\/\/school4life.org\/de\/wp-json\/wp\/v2\/media?parent=18893"}],"wp:term":[{"taxonomy":"product_brand","embeddable":true,"href":"https:\/\/school4life.org\/de\/wp-json\/wp\/v2\/product_brand?post=18893"},{"taxonomy":"product_cat","embeddable":true,"href":"https:\/\/school4life.org\/de\/wp-json\/wp\/v2\/product_cat?post=18893"},{"taxonomy":"product_tag","embeddable":true,"href":"https:\/\/school4life.org\/de\/wp-json\/wp\/v2\/product_tag?post=18893"}],"curies":[{"name":"wp","href":"https:\/\/api.w.org\/{rel}","templated":true}]}}